  {"id":364,"date":"2011-06-08T14:21:30","date_gmt":"2011-06-08T21:21:30","guid":{"rendered":"https:\/\/laverne.edu\/financial-aid\/?page_id=364"},"modified":"2022-08-10T09:54:11","modified_gmt":"2022-08-10T16:54:11","slug":"guia-de-ayuda-financiera-estudiantil","status":"publish","type":"page","link":"https:\/\/laverne.edu\/financial-aid\/guia-de-ayuda-financiera-estudiantil\/","title":{"rendered":"Gu\u00eda de Ayuda Financiera Estudiantil"},"content":{"rendered":"<h3>Bienvenido a la Oficina de Ayuda Financiera<\/h3>\n<p>Es la misi\u00f3n de la Universidad de La&nbsp;Verne de presentar oportunidades para que sus estudiantes puedan alcanzar sus metas acad\u00e9micas para que sean ciudadanos contribuidores a la comunidad mundial.<\/p>\n<p>En esta gu\u00eda encontrar\u00e1n una introducci\u00f3n a la ayuda financiera y los recursos disponibles en la Universidad de La&nbsp;Verne.\u00a0 El personal dedicado a la Oficina de Ayuda Financiera est\u00e1 a su disposici\u00f3n para que la transici\u00f3n de su\u00a0hija o hijo\u00a0a la Universidad de La&nbsp;Verne sea lo m\u00e1s f\u00e1cil posible.\u00a0 Tenemos consejeros de ayuda financiera que ayudar\u00e1n a encontrar la mejor soluci\u00f3n para financiar los estudios universitarios.<\/p>\n<h3>La Ayuda Financiera<\/h3>\n<p><strong>\u00bfQu\u00e9 es la ayuda financiera? <\/strong><\/p>\n<p>La ayuda financiera est\u00e1 compuesta de fondos federales, estatales, institucionales y privados que se usan para apoyar a los estudiantes que re\u00fanan\u00a0los requisitos necesarios para financiar sus estudios. La ayuda financiera puede ser una combinaci\u00f3n de becas, subvenciones, pr\u00e9stamos y empleo estudiantil. Las becas y las subvenciones se consideran \u201cdinero gratuito\u201d y el estudiante no tiene que reembolsarlas; sin embargo, los pr\u00e9stamos y el empleo estudiantil se consideran modalidades de \u201cautofinanciamiento\u201d y la mayor\u00eda de los pr\u00e9stamos deben reembolsarse cuando el estudiante se matricula menos horas de lo que se considera tiempo parcial, o deja de matricularse. El empleo estudiantil puede incluir puestos de trabajo\u00a0de tiempo parcial dentro de la universidad.<\/p>\n<p><strong>\u00bfC\u00f3mo solicitar la ayuda financiera? <\/strong><\/p>\n<p>Para ser elegible para recibir la mayor\u00eda de las ayudas financiera, se debe presentar primero la solicitud\u00a0de Ayuda\u00a0Federal Estudiantil, o <a title=\"FAFSA: Ayuda Federal para Estudiantes\" href=\"https:\/\/studentaid.gov\/fafsa-app\/ROLES\" target=\"_blank\" rel=\"noopener noreferrer\">Free Application for Federal Student Aid (FAFSA)<\/a>.\u00a0Despu\u00e9s de presentar\u00a0la FAFSA, nosotros podremos determinar\u00a0la elegibilidad para recibir ayuda de programas federales, estatales o institucionales. La <a title=\"FAFSA: Ayuda Federal para Estudiantes\" href=\"https:\/\/studentaid.gov\/fafsa-app\/ROLES\" target=\"_blank\" rel=\"noopener noreferrer\">FAFSA<\/a> est\u00e1 disponible en l\u00ednea\u00a0y no cuesta nada! El c\u00f3digo de FAFSA para la Universidad de La&nbsp;Verne es 001216. Recuerda que debe completar todas las secciones aplicables y aseg\u00farar de que toda la informaci\u00f3n este correcto.<\/p>\n<p><strong>\u00bfQu\u00e9 es una credencial FSA ID?<\/strong><\/p>\n<p>Se les solicita a los estudiantes, los padres y los prestatarios que utilicen la credencial <a href=\"https:\/\/studentaid.gov\/fsa-id\/sign-in\/landing\">FSA ID<\/a>, para poder acceder a ciertos sitios web del Departamento de Educaci\u00f3n de los EE.\u00a0UU. Su credencial FSA ID se utiliza para firmar documentos vinculantes en forma digital, por ejemplo, la <em>Solicitud Gratuita de Ayuda Federal para Estudiantes <\/em>(FAFSA).<\/p>\n<p>Si es padre o madre de un <cite title=\"Estudiante que no cumple con ninguno de los criterios de un alumno independiente. Se define como alumno independiente aqu\u00e9l que: tiene al menos 24 a\u00f1os de edad, est\u00e1 casado, es estudiante de posgrado o profesional, es veterano, es miembro de las fuerzas armadas, es hu\u00e9rfano, es una persona bajo tutela de los tribunales, es alguien con personas a cargo que no sean su c\u00f3nyuge, es un menor de edad emancipado o es una persona sin hogar o que corre el riesgo de perder su hogar.\u00a0\u00a0\">alumno dependiente<\/cite>, necesitar\u00e1 su propia credencial FSA ID para firmar la FAFSA de su hijo en forma digital. Si m\u00e1s de un hijo suyo asiste a la universidad, puede utilizar la misma credencial FSA ID para firmar todos los formularios de solicitud.<\/p>\n<p>El proceso para obtener una credencial <a href=\"https:\/\/studentaid.gov\/fsa-id\/sign-in\/landing\">FSA ID<\/a> consta de tres pasos:<\/p>\n<ol start=\"1\">\n<li>Introduzca su informaci\u00f3n para el inicio de la sesi\u00f3n.\n<ul>\n<li>Provea su direcci\u00f3n de correo electr\u00f3nico, un nombre de usuario exclusivo y una contrase\u00f1a, y confirme que tiene al menos 13 a\u00f1os.<\/li>\n<\/ul>\n<\/li>\n<\/ol>\n<ol start=\"2\">\n<li>Ingrese su informaci\u00f3n personal.\n<ul>\n<li>Provea su n\u00famero de Seguro Social, nombre y fecha de nacimiento.<\/li>\n<li>Incluya su direcci\u00f3n postal, direcci\u00f3n de correo electr\u00f3nico, n\u00famero de tel\u00e9fono e idioma de su preferencia.<\/li>\n<li>Provea respuestas para las cinco preguntas de seguridad.<\/li>\n<\/ul>\n<\/li>\n<\/ol>\n<ol start=\"3\">\n<li>Env\u00ede su informaci\u00f3n para obtener su credencial FSA ID.\n<ul>\n<li>Acepte los t\u00e9rminos y condiciones.<\/li>\n<li>Verifique su direcci\u00f3n de correo electr\u00f3nico. (Lo siguiente es opcional, pero \u00fatil. Mediante\u00a0la verificaci\u00f3n de su direcci\u00f3n de correo electr\u00f3nico, usted puede usar su correo electr\u00f3nico como si fuera su nombre de usuario cuando inicie una sesi\u00f3n en ciertos sitios web del Departamento de Educaci\u00f3n. Esta verificaci\u00f3n le permite recuperar su nombre de usuario o restablecer su contrase\u00f1a sin tener que responder a las preguntas de seguridad).<\/li>\n<\/ul>\n<\/li>\n<\/ol>\n<p>Las solicitudes\u00a0de <a title=\"FAFSA: Ayuda Federal para Estudiantes\" href=\"https:\/\/studentaid.gov\/fafsa-app\/ROLES\" target=\"_blank\" rel=\"noopener noreferrer\">FAFSA<\/a> se pueden entregar comensando el primero de enero hasta el\u00a030 de junio del siguiente a\u00f1o. Recomendamos que se\u00a0vuelva a llenar y que se\u00a0entreguen antes del 2 de marzo para ser eligible para fondos de prioridad.<\/p>\n<p>Una vez que recibamos\u00a0la <a title=\"FAFSA: Ayuda Federal para Estudiantes\" href=\"https:\/\/studentaid.gov\/fafsa-app\/ROLES\" target=\"_blank\" rel=\"noopener noreferrer\">FAFSA<\/a>, podremos determinar\u00a0su necesidad financiera seg\u00fan el c\u00e1lculo siguiente:<\/p>\n<table class=\"table article-table\">\n<tbody>\n<tr>\n<td valign=\"bottom\" width=\"78\"><strong>COA<\/strong><\/td>\n<td width=\"27\"><strong>\u2013<\/strong><\/td>\n<td valign=\"bottom\" width=\"86\"><strong>EFC<\/strong><\/td>\n<td valign=\"bottom\" width=\"23\"><strong>=<\/strong><\/td>\n<td valign=\"bottom\" width=\"82\"><strong>Need<\/strong><\/td>\n<\/tr>\n<tr>\n<td valign=\"bottom\" width=\"78\">(Costo de asistencia)<\/td>\n<td valign=\"bottom\" width=\"27\"><\/td>\n<td valign=\"bottom\" width=\"86\">(Supuesta contribuci\u00f3n familiar)<\/td>\n<td valign=\"bottom\" width=\"23\"><\/td>\n<td valign=\"bottom\" width=\"82\">(Necesidad financiera)<\/td>\n<\/tr>\n<\/tbody>\n<\/table>\n<p>El Costo de Asistencia (COA) es el costo\u00a0de un estudiante para asistir a La Universidad de La&nbsp;Verne durante el a\u00f1o acad\u00e9mico. Incluye subsidios para matr\u00edcula y honorarios, habitaci\u00f3n y alimentaci\u00f3n, transporte, libros y gastos personales. El total de la ayuda financiera no se puede exceder el costo de asistencia. La Supuesta Contribucion Familiar (EFC) se calcula utilizando la metodolog\u00eda Federal de los datos de que presentaron en la Ayuda Federal para Estudiantes (FAFSA). La Supuesta Contribuci\u00f3n Familiar (EFC) es la cantidad de d\u00f3lares que el Gobierno ha determinado que un estudiante y su familia\u00a0podr\u00e1n contribuir hac\u00eda los costos educativos.<\/p>\n<h3>La Ley Dream De California<\/h3>\n<p><a href=\"https:\/\/dream.csac.ca.gov\/\">La Ley Dream de California<\/a> permite a estudiantes que califican para la AB 540 solicitor programas de ayuda financiera del estado de California.<\/p>\n<h3>Localizaci\u00f3n de la Oficina de Ayuda Financiera<\/h3>\n<p>La Oficina de ayuda financiera esta localizada en el primer piso de Woody Hall, en la esquina de las calles 3rd y \u201cB\u201d. El horario de la oficina de ayuda financier:<\/p>\n<table class=\"table article-table\">\n<tbody>\n<tr>\n<td>Lunes, Martes, y Jueves<\/td>\n<td align=\"center\">8:00am &#8211; 6:00pm<\/td>\n<\/tr>\n<tr>\n<td>Miercoles<\/td>\n<td align=\"center\">10:00am &#8211; 6:00pm<\/td>\n<\/tr>\n<tr>\n<td>Viernes<\/td>\n<td align=\"center\">8:00am &#8211; 5:00pm<\/td>\n<\/tr>\n<tr>\n<td>Sabado y Domingo<\/td>\n<td align=\"center\">Cerrado<\/td>\n<\/tr>\n<\/tbody>\n<\/table>\n","protected":false},"excerpt":{"rendered":"<p>Bienvenido a la Oficina de Ayuda Financiera Es la misi\u00f3n de la Universidad de La&nbsp;Verne de presentar oportunidades para que sus estudiantes puedan alcanzar sus metas acad\u00e9micas para que sean ciudadanos contribuidores a la comunidad mundial. En esta gu\u00eda encontrar\u00e1n una introducci\u00f3n a la ayuda financiera y los recursos disponibles en la Universidad de La&nbsp;Verne.\u00a0 [&hellip;]<\/p>\n","protected":false},"author":4,"featured_media":0,"parent":0,"menu_order":0,"comment_status":"open","ping_status":"open","template":"","meta":{"_acf_changed":false,"footnotes":""},"class_list":["post-364","page","type-page","status-publish","hentry"],"acf":[],"yoast_head":"<!-- This site is optimized with the Yoast SEO Premium plugin v23.8 (Yoast SEO v23.8) - https:\/\/yoast.com\/wordpress\/plugins\/seo\/ -->\n<title>Gu\u00eda de Ayuda Financiera Estudiantil | University of La Verne<\/title>\n<meta name=\"description\" content=\"Es la misi\u00f3n de la Universidad de La Verne de presentar oportunidades para que sus estudiantes puedan alcanzar sus metas acad\u00e9micas...\" \/>\n<meta name=\"robots\" content=\"index, follow, max-snippet:-1, max-image-preview:large, max-video-preview:-1\" \/>\n<link rel=\"canonical\" href=\"https:\/\/laverne.edu\/financial-aid\/guia-de-ayuda-financiera-estudiantil\/\" \/>\n<meta property=\"og:locale\" content=\"en_US\" \/>\n<meta property=\"og:type\" content=\"article\" \/>\n<meta property=\"og:title\" content=\"Gu\u00eda de Ayuda Financiera Estudiantil\" \/>\n<meta property=\"og:description\" content=\"Es la misi\u00f3n de la Universidad de La Verne de presentar oportunidades para que sus estudiantes puedan alcanzar sus metas acad\u00e9micas...\" \/>\n<meta property=\"og:url\" content=\"https:\/\/laverne.edu\/financial-aid\/guia-de-ayuda-financiera-estudiantil\/\" \/>\n<meta property=\"og:site_name\" content=\"Office of Financial Aid\" \/>\n<meta property=\"article:publisher\" content=\"https:\/\/www.facebook.com\/ULaVerne\/\" \/>\n<meta property=\"article:modified_time\" content=\"2022-08-10T16:54:11+00:00\" \/>\n<meta name=\"twitter:card\" content=\"summary_large_image\" \/>\n<meta name=\"twitter:site\" content=\"@ULaVerne\" \/>\n<meta name=\"twitter:label1\" content=\"Est. reading time\" \/>\n\t<meta name=\"twitter:data1\" content=\"5 minutes\" \/>\n<script type=\"application\/ld+json\" class=\"yoast-schema-graph\">{\"@context\":\"https:\/\/schema.org\",\"@graph\":[{\"@type\":\"WebPage\",\"@id\":\"https:\/\/laverne.edu\/financial-aid\/guia-de-ayuda-financiera-estudiantil\/\",\"url\":\"https:\/\/laverne.edu\/financial-aid\/guia-de-ayuda-financiera-estudiantil\/\",\"name\":\"Gu\u00eda de Ayuda Financiera Estudiantil | University of La Verne\",\"isPartOf\":{\"@id\":\"https:\/\/laverne.edu\/financial-aid\/#website\"},\"datePublished\":\"2011-06-08T21:21:30+00:00\",\"dateModified\":\"2022-08-10T16:54:11+00:00\",\"description\":\"Es la misi\u00f3n de la Universidad de La Verne de presentar oportunidades para que sus estudiantes puedan alcanzar sus metas acad\u00e9micas...\",\"breadcrumb\":{\"@id\":\"https:\/\/laverne.edu\/financial-aid\/guia-de-ayuda-financiera-estudiantil\/#breadcrumb\"},\"inLanguage\":\"en-US\",\"potentialAction\":[{\"@type\":\"ReadAction\",\"target\":[\"https:\/\/laverne.edu\/financial-aid\/guia-de-ayuda-financiera-estudiantil\/\"]}]},{\"@type\":\"BreadcrumbList\",\"@id\":\"https:\/\/laverne.edu\/financial-aid\/guia-de-ayuda-financiera-estudiantil\/#breadcrumb\",\"itemListElement\":[{\"@type\":\"ListItem\",\"position\":1,\"name\":\"Home\",\"item\":\"https:\/\/laverne.edu\/financial-aid\/\"},{\"@type\":\"ListItem\",\"position\":2,\"name\":\"Gu\u00eda de Ayuda Financiera Estudiantil\"}]},{\"@type\":\"WebSite\",\"@id\":\"https:\/\/laverne.edu\/financial-aid\/#website\",\"url\":\"https:\/\/laverne.edu\/financial-aid\/\",\"name\":\"Office of Financial Aid\",\"description\":\"University of La Verne\",\"potentialAction\":[{\"@type\":\"SearchAction\",\"target\":{\"@type\":\"EntryPoint\",\"urlTemplate\":\"https:\/\/laverne.edu\/financial-aid\/?s={search_term_string}\"},\"query-input\":{\"@type\":\"PropertyValueSpecification\",\"valueRequired\":true,\"valueName\":\"search_term_string\"}}],\"inLanguage\":\"en-US\"}]}<\/script>\n<!-- \/ Yoast SEO Premium plugin. -->","yoast_head_json":{"title":"Gu\u00eda de Ayuda Financiera Estudiantil | University of La Verne","description":"Es la misi\u00f3n de la Universidad de La Verne de presentar oportunidades para que sus estudiantes puedan alcanzar sus metas acad\u00e9micas...","robots":{"index":"index","follow":"follow","max-snippet":"max-snippet:-1","max-image-preview":"max-image-preview:large","max-video-preview":"max-video-preview:-1"},"canonical":"https:\/\/laverne.edu\/financial-aid\/guia-de-ayuda-financiera-estudiantil\/","og_locale":"en_US","og_type":"article","og_title":"Gu\u00eda de Ayuda Financiera Estudiantil","og_description":"Es la misi\u00f3n de la Universidad de La Verne de presentar oportunidades para que sus estudiantes puedan alcanzar sus metas acad\u00e9micas...","og_url":"https:\/\/laverne.edu\/financial-aid\/guia-de-ayuda-financiera-estudiantil\/","og_site_name":"Office of Financial Aid","article_publisher":"https:\/\/www.facebook.com\/ULaVerne\/","article_modified_time":"2022-08-10T16:54:11+00:00","twitter_card":"summary_large_image","twitter_site":"@ULaVerne","twitter_misc":{"Est. reading time":"5 minutes"},"schema":{"@context":"https:\/\/schema.org","@graph":[{"@type":"WebPage","@id":"https:\/\/laverne.edu\/financial-aid\/guia-de-ayuda-financiera-estudiantil\/","url":"https:\/\/laverne.edu\/financial-aid\/guia-de-ayuda-financiera-estudiantil\/","name":"Gu\u00eda de Ayuda Financiera Estudiantil | University of La Verne","isPartOf":{"@id":"https:\/\/laverne.edu\/financial-aid\/#website"},"datePublished":"2011-06-08T21:21:30+00:00","dateModified":"2022-08-10T16:54:11+00:00","description":"Es la misi\u00f3n de la Universidad de La Verne de presentar oportunidades para que sus estudiantes puedan alcanzar sus metas acad\u00e9micas...","breadcrumb":{"@id":"https:\/\/laverne.edu\/financial-aid\/guia-de-ayuda-financiera-estudiantil\/#breadcrumb"},"inLanguage":"en-US","potentialAction":[{"@type":"ReadAction","target":["https:\/\/laverne.edu\/financial-aid\/guia-de-ayuda-financiera-estudiantil\/"]}]},{"@type":"BreadcrumbList","@id":"https:\/\/laverne.edu\/financial-aid\/guia-de-ayuda-financiera-estudiantil\/#breadcrumb","itemListElement":[{"@type":"ListItem","position":1,"name":"Home","item":"https:\/\/laverne.edu\/financial-aid\/"},{"@type":"ListItem","position":2,"name":"Gu\u00eda de Ayuda Financiera Estudiantil"}]},{"@type":"WebSite","@id":"https:\/\/laverne.edu\/financial-aid\/#website","url":"https:\/\/laverne.edu\/financial-aid\/","name":"Office of Financial Aid","description":"University of La Verne","potentialAction":[{"@type":"SearchAction","target":{"@type":"EntryPoint","urlTemplate":"https:\/\/laverne.edu\/financial-aid\/?s={search_term_string}"},"query-input":{"@type":"PropertyValueSpecification","valueRequired":true,"valueName":"search_term_string"}}],"inLanguage":"en-US"}]}},"publishpress_future_action":{"enabled":false,"date":"2026-04-17 17:17:48","action":"change-status","newStatus":"draft","terms":[],"taxonomy":""},"_links":{"self":[{"href":"https:\/\/laverne.edu\/financial-aid\/wp-json\/wp\/v2\/pages\/364"}],"collection":[{"href":"https:\/\/laverne.edu\/financial-aid\/wp-json\/wp\/v2\/pages"}],"about":[{"href":"https:\/\/laverne.edu\/financial-aid\/wp-json\/wp\/v2\/types\/page"}],"author":[{"embeddable":true,"href":"https:\/\/laverne.edu\/financial-aid\/wp-json\/wp\/v2\/users\/4"}],"replies":[{"embeddable":true,"href":"https:\/\/laverne.edu\/financial-aid\/wp-json\/wp\/v2\/comments?post=364"}],"version-history":[{"count":11,"href":"https:\/\/laverne.edu\/financial-aid\/wp-json\/wp\/v2\/pages\/364\/revisions"}],"predecessor-version":[{"id":7579,"href":"https:\/\/laverne.edu\/financial-aid\/wp-json\/wp\/v2\/pages\/364\/revisions\/7579"}],"wp:attachment":[{"href":"https:\/\/laverne.edu\/financial-aid\/wp-json\/wp\/v2\/media?parent=364"}],"curies":[{"name":"wp","href":"https:\/\/api.w.org\/{rel}","templated":true}]}}